{"id":226,"date":"2020-11-23T09:49:47","date_gmt":"2020-11-23T09:49:47","guid":{"rendered":"https:\/\/reyesordonez.com\/tienda\/solicitud-de-acceso-a-datos\/"},"modified":"2020-11-23T11:26:06","modified_gmt":"2020-11-23T10:26:06","slug":"solicitud-de-acceso-a-datos","status":"publish","type":"page","link":"https:\/\/www.reyesordonez.com\/tienda\/solicitud-de-acceso-a-datos\/","title":{"rendered":"Solicitud de acceso a datos"},"content":{"rendered":"<div class=\"wpgdprc\">\n<form class=\"wpgdprc-form wpgdprc-form--access-request\" name=\"wpgdprc_form\" method=\"POST\">\n\t<ul class=\"wpgdprc-form__fields\">\n\t\t\n<li class=\"wpgdprc-form__field\">\n\t<label for=\"wpgdprc-form__email\" class=\"screen-reader-text\">Tu direcci\u00f3n de correo electr\u00f3nico<\/label>\n\t<input type=\"email\" class=\"wpgdprc-form__input wpgdprc-form__input--email\" name=\"wpgdprc_email\" id=\"wpgdprc-form__email\" placeholder=\"Tu direcci\u00f3n de correo electr\u00f3nico\" required \/>\n<\/li>\n\t\t\n<li class=\"wpgdprc-form__field wpgdprc-form__field--checkbox\">\n\t<input class=\"wpgdprc-form__input wpgdprc-form__input--checkbox\" type=\"checkbox\" name=\"wpgdprc_consent\" id=\"wpgdprc-form__consent\" value=\"1\" required \/>\n\t<label class=\"wpgdprc-form__label\" for=\"wpgdprc-form__consent\">Al usar este formulario accedes al almacenamiento y gesti\u00f3n de tus datos por parte de esta web.<\/label>\n<\/li>\n\t<\/ul>\n\t<div class=\"wpgdprc-form__footer\">\n\t\t\n<p class=\"wpgdprc-form__submit\">\n\t<input type=\"submit\" class=\"wpgdprc-form__input wpgdprc-form__input--submit\" name=\"wpgdprc_submit\" value=\"Enviar\" \/>\n<\/p>\n\t<\/div>\n\t<div class=\"wpgdprc-message\" style=\"display:none;\"><\/div>\n<\/form>\n<\/div>\n","protected":false},"excerpt":{"rendered":"Tu direcci\u00f3n de correo electr\u00f3nico Al usar este formulario accedes al almacenamiento y gesti\u00f3n de tus datos por parte de","protected":false},"author":5,"featured_media":0,"parent":0,"menu_order":0,"comment_status":"closed","ping_status":"closed","template":"","meta":{"footnotes":""},"class_list":["post-226","page","type-page","status-publish","hentry"],"yoast_head":"<!-- This site is optimized with the Yoast SEO plugin v21.7 - https:\/\/yoast.com\/wordpress\/plugins\/seo\/ -->\n<title>Solicitud de acceso a datos - Reyes Ordo\u00f1ez<\/title>\n<meta name=\"robots\" content=\"noindex, follow\" \/>\n<meta property=\"og:locale\" content=\"es_ES\" \/>\n<meta property=\"og:type\" content=\"article\" \/>\n<meta property=\"og:title\" content=\"Solicitud de acceso a datos - Reyes Ordo\u00f1ez\" \/>\n<meta property=\"og:url\" content=\"https:\/\/www.reyesordonez.com\/tienda\/solicitud-de-acceso-a-datos\/\" \/>\n<meta property=\"og:site_name\" content=\"Reyes Ordo\u00f1ez\" \/>\n<meta property=\"article:modified_time\" content=\"2020-11-23T10:26:06+00:00\" \/>\n<meta name=\"twitter:card\" content=\"summary_large_image\" \/>\n<script type=\"application\/ld+json\" class=\"yoast-schema-graph\">{\"@context\":\"https:\/\/schema.org\",\"@graph\":[{\"@type\":\"WebPage\",\"@id\":\"https:\/\/www.reyesordonez.com\/tienda\/solicitud-de-acceso-a-datos\/\",\"url\":\"https:\/\/www.reyesordonez.com\/tienda\/solicitud-de-acceso-a-datos\/\",\"name\":\"Solicitud de acceso a datos - Reyes Ordo\u00f1ez\",\"isPartOf\":{\"@id\":\"https:\/\/www.reyesordonez.com\/tienda\/#website\"},\"datePublished\":\"2020-11-23T09:49:47+00:00\",\"dateModified\":\"2020-11-23T10:26:06+00:00\",\"breadcrumb\":{\"@id\":\"https:\/\/www.reyesordonez.com\/tienda\/solicitud-de-acceso-a-datos\/#breadcrumb\"},\"inLanguage\":\"es\",\"potentialAction\":[{\"@type\":\"ReadAction\",\"target\":[\"https:\/\/www.reyesordonez.com\/tienda\/solicitud-de-acceso-a-datos\/\"]}]},{\"@type\":\"BreadcrumbList\",\"@id\":\"https:\/\/www.reyesordonez.com\/tienda\/solicitud-de-acceso-a-datos\/#breadcrumb\",\"itemListElement\":[{\"@type\":\"ListItem\",\"position\":1,\"name\":\"Portada\",\"item\":\"https:\/\/www.reyesordonez.com\/tienda\/\"},{\"@type\":\"ListItem\",\"position\":2,\"name\":\"Solicitud de acceso a datos\"}]},{\"@type\":\"WebSite\",\"@id\":\"https:\/\/www.reyesordonez.com\/tienda\/#website\",\"url\":\"https:\/\/www.reyesordonez.com\/tienda\/\",\"name\":\"Reyes Ordo\u00f1ez\",\"description\":\"Proyecto Solidario Spandy\",\"potentialAction\":[{\"@type\":\"SearchAction\",\"target\":{\"@type\":\"EntryPoint\",\"urlTemplate\":\"https:\/\/www.reyesordonez.com\/tienda\/?s={search_term_string}\"},\"query-input\":\"required name=search_term_string\"}],\"inLanguage\":\"es\"}]}<\/script>\n<!-- \/ Yoast SEO plugin. -->","yoast_head_json":{"title":"Solicitud de acceso a datos - Reyes Ordo\u00f1ez","robots":{"index":"noindex","follow":"follow"},"og_locale":"es_ES","og_type":"article","og_title":"Solicitud de acceso a datos - Reyes Ordo\u00f1ez","og_url":"https:\/\/www.reyesordonez.com\/tienda\/solicitud-de-acceso-a-datos\/","og_site_name":"Reyes Ordo\u00f1ez","article_modified_time":"2020-11-23T10:26:06+00:00","twitter_card":"summary_large_image","schema":{"@context":"https:\/\/schema.org","@graph":[{"@type":"WebPage","@id":"https:\/\/www.reyesordonez.com\/tienda\/solicitud-de-acceso-a-datos\/","url":"https:\/\/www.reyesordonez.com\/tienda\/solicitud-de-acceso-a-datos\/","name":"Solicitud de acceso a datos - Reyes Ordo\u00f1ez","isPartOf":{"@id":"https:\/\/www.reyesordonez.com\/tienda\/#website"},"datePublished":"2020-11-23T09:49:47+00:00","dateModified":"2020-11-23T10:26:06+00:00","breadcrumb":{"@id":"https:\/\/www.reyesordonez.com\/tienda\/solicitud-de-acceso-a-datos\/#breadcrumb"},"inLanguage":"es","potentialAction":[{"@type":"ReadAction","target":["https:\/\/www.reyesordonez.com\/tienda\/solicitud-de-acceso-a-datos\/"]}]},{"@type":"BreadcrumbList","@id":"https:\/\/www.reyesordonez.com\/tienda\/solicitud-de-acceso-a-datos\/#breadcrumb","itemListElement":[{"@type":"ListItem","position":1,"name":"Portada","item":"https:\/\/www.reyesordonez.com\/tienda\/"},{"@type":"ListItem","position":2,"name":"Solicitud de acceso a datos"}]},{"@type":"WebSite","@id":"https:\/\/www.reyesordonez.com\/tienda\/#website","url":"https:\/\/www.reyesordonez.com\/tienda\/","name":"Reyes Ordo\u00f1ez","description":"Proyecto Solidario Spandy","potentialAction":[{"@type":"SearchAction","target":{"@type":"EntryPoint","urlTemplate":"https:\/\/www.reyesordonez.com\/tienda\/?s={search_term_string}"},"query-input":"required name=search_term_string"}],"inLanguage":"es"}]}},"_links":{"self":[{"href":"https:\/\/www.reyesordonez.com\/tienda\/wp-json\/wp\/v2\/pages\/226","targetHints":{"allow":["GET"]}}],"collection":[{"href":"https:\/\/www.reyesordonez.com\/tienda\/wp-json\/wp\/v2\/pages"}],"about":[{"href":"https:\/\/www.reyesordonez.com\/tienda\/wp-json\/wp\/v2\/types\/page"}],"author":[{"embeddable":true,"href":"https:\/\/www.reyesordonez.com\/tienda\/wp-json\/wp\/v2\/users\/5"}],"replies":[{"embeddable":true,"href":"https:\/\/www.reyesordonez.com\/tienda\/wp-json\/wp\/v2\/comments?post=226"}],"version-history":[{"count":0,"href":"https:\/\/www.reyesordonez.com\/tienda\/wp-json\/wp\/v2\/pages\/226\/revisions"}],"wp:attachment":[{"href":"https:\/\/www.reyesordonez.com\/tienda\/wp-json\/wp\/v2\/media?parent=226"}],"curies":[{"name":"wp","href":"https:\/\/api.w.org\/{rel}","templated":true}]}}