{"id":19045,"date":"2018-08-09T12:07:42","date_gmt":"2018-08-09T10:07:42","guid":{"rendered":"https:\/\/www.reyesordonez.com\/?page_id=19045"},"modified":"2024-06-04T11:34:46","modified_gmt":"2024-06-04T09:34:46","slug":"coat-racks","status":"publish","type":"page","link":"https:\/\/www.reyesordonez.com\/produits\/accessoires\/coat-racks\/","title":{"rendered":"Portemanteaux"},"content":{"rendered":"<section class=\"wpb-content-wrapper\"><p>[vc_row css_animation=\u00bb\u00bb row_type=\u00bbrow\u00bb use_row_as_full_screen_section=\u00bbno\u00bb type=\u00bbfull_width\u00bb angled_section=\u00bbno\u00bb text_align=\u00bbleft\u00bb background_image_as_pattern=\u00bbwithout_pattern\u00bb css=\u00bb.vc_custom_1715682869081{padding-right: 50px !important;padding-left: 50px !important;}\u00bb z_index=\u00bb\u00bb][vc_column][vc_column_text]<\/p>\n<h1 style=\"text-align: center;\"><span data-sheets-root=\"1\" data-sheets-value=\"{&quot;1&quot;:2,&quot;2&quot;:&quot;Percheros de madera Reyes Ord\u00f3\u00f1ez&quot;}\" data-sheets-userformat=\"{&quot;2&quot;:4352,&quot;11&quot;:3,&quot;15&quot;:&quot;Arial&quot;}\">Portemanteaux design Reyes Ordo\u00f1ez<\/span><\/h1>\n<p>[\/vc_column_text][vc_empty_space][\/vc_column][\/vc_row][vc_row css_animation=\u00bb\u00bb row_type=\u00bbrow\u00bb use_row_as_full_screen_section=\u00bbno\u00bb type=\u00bbgrid\u00bb angled_section=\u00bbno\u00bb text_align=\u00bbleft\u00bb background_image_as_pattern=\u00bbwithout_pattern\u00bb css=\u00bb.vc_custom_1715682879732{padding-right: 50px !important;padding-left: 50px !important;}\u00bb z_index=\u00bb\u00bb][vc_column width=\u00bb1\/4&#8243;][vc_column_text]<\/p>\n<h2 style=\"text-align: center;\"><a href=\"\/?page_id=18577\">Tous nos accessoires<\/a><\/h2>\n<p>[\/vc_column_text][\/vc_column][vc_column width=\u00bb1\/4&#8243;][vc_column_text]<\/p>\n<h2 style=\"text-align: center;\"><a href=\"\/?page_id=19062\">Poufs pour la maison<\/a><\/h2>\n<h2 style=\"text-align: center;\"><\/h2>\n<p>[\/vc_column_text][\/vc_column][vc_column width=\u00bb1\/4&#8243;][vc_column_text]<\/p>\n<h2 style=\"text-align: center;\"><a href=\"\/?page_id=19087\">Repose-pieds tapiss\u00e9<\/a><\/h2>\n<p>[\/vc_column_text][\/vc_column][vc_column width=\u00bb1\/4&#8243;][vc_column_text]<\/p>\n<h2 style=\"text-align: center;\"><a href=\"\/?page_id=18984\">Coussins<\/a><\/h2>\n<p>[\/vc_column_text][\/vc_column][\/vc_row][vc_row css_animation=\u00bb\u00bb row_type=\u00bbrow\u00bb use_row_as_full_screen_section=\u00bbno\u00bb type=\u00bbgrid\u00bb angled_section=\u00bbno\u00bb text_align=\u00bbleft\u00bb background_image_as_pattern=\u00bbwithout_pattern\u00bb css=\u00bb.vc_custom_1715682905236{padding-right: 50px !important;padding-left: 50px !important;}\u00bb z_index=\u00bb\u00bb][vc_column width=\u00bb1\/4&#8243;][vc_column_text]<\/p>\n<h2 style=\"text-align: center;\"><a href=\"\/?page_id=19018\">Tables d&#8217;appoint<\/a><\/h2>\n<p>[\/vc_column_text][\/vc_column][vc_column width=\u00bb1\/4&#8243;][vc_column_text]<\/p>\n<h2 style=\"text-align: center;\"><a href=\"\/?page_id=18587\">Lampes<\/a><\/h2>\n<p>[\/vc_column_text][\/vc_column][vc_column width=\u00bb1\/4&#8243;][vc_column_text]<\/p>\n<h2 style=\"text-align: center;\"><a href=\"\/?page_id=18990\">Miroirs en bois<\/a><\/h2>\n<p>[\/vc_column_text][\/vc_column][vc_column width=\u00bb1\/4&#8243;][vc_column_text]<\/p>\n<h2 style=\"text-align: center;\"><a href=\"https:\/\/www.reyesordonez.com\/fr\/produits\/accessoires\/pour-animaux-de-compagnie\u200e\">Accessoires pour animaux de compagnie<\/a><\/h2>\n<p>[\/vc_column_text][\/vc_column][\/vc_row][vc_row css_animation=\u00bb\u00bb row_type=\u00bbrow\u00bb use_row_as_full_screen_section=\u00bbno\u00bb type=\u00bbfull_width\u00bb angled_section=\u00bbno\u00bb text_align=\u00bbleft\u00bb background_image_as_pattern=\u00bbwithout_pattern\u00bb css=\u00bb.vc_custom_1715682916939{padding-right: 50px !important;padding-left: 50px !important;}\u00bb z_index=\u00bb\u00bb][vc_column][vc_separator type=\u00bbtransparent\u00bb up=\u00bb20&#8243; down=\u00bb20&#8243;]<div class='projects_holder_outer v5 portfolio_no_space portfolio_with_hover_text'>\n        <div class='projects_holder portfolio_main_holder clearfix v5  hover_text no_space portfolio_full_image '>\n        \n        <p>Sorry, no posts matched your criteria.<\/p>    <\/div>\n\n    \n    <\/div>[vc_separator type=\u00bbtransparent\u00bb up=\u00bb20&#8243; down=\u00bb20&#8243;][\/vc_column][\/vc_row][vc_row css_animation=\u00bb\u00bb row_type=\u00bbrow\u00bb use_row_as_full_screen_section=\u00bbno\u00bb type=\u00bbfull_width\u00bb angled_section=\u00bbno\u00bb text_align=\u00bbleft\u00bb background_image_as_pattern=\u00bbwithout_pattern\u00bb css=\u00bb.vc_custom_1715682935540{padding-right: 50px !important;padding-bottom: 100px !important;padding-left: 50px !important;}\u00bb z_index=\u00bb\u00bb][vc_column][vc_empty_space][vc_column_text]<\/p>\n<h2>Les plus beaux portemanteaux design<\/h2>\n<p>Gardez votre entr\u00e9e organis\u00e9e et pleine de style avec la collection exclusive de porte-manteaux design de Reyes Ord\u00f3\u00f1ez. Fabriqu\u00e9s selon les normes de qualit\u00e9 les plus \u00e9lev\u00e9es et avec une attention particuli\u00e8re aux d\u00e9tails, nos porte-manteaux sont bien plus que de simples accessoires de rangement ; Ce sont des pi\u00e8ces de design qui rehaussent l\u2019\u00e9l\u00e9gance de n\u2019importe quel espace.<\/p>\n<p>Chaque porte-manteau de notre collection est m\u00e9ticuleusement fabriqu\u00e9 \u00e0 partir de bois de haute qualit\u00e9, garantissant durabilit\u00e9 et r\u00e9sistance dans le temps. De plus, son design \u00e9l\u00e9gant et sophistiqu\u00e9 ajoute une touche de classe \u00e0 n&#8217;importe quelle entr\u00e9e, hall ou foyer.<\/p>\n<p>Notre grande vari\u00e9t\u00e9 de styles et de finitions vous permet de trouver le portemanteau parfait qui r\u00e9pond \u00e0 vos besoins et go\u00fbts personnels. Que vous pr\u00e9f\u00e9riez un design moderne et minimaliste ou un style plus classique et \u00e9pur\u00e9, nous avons des options pour tous les styles de d\u00e9coration.<\/p>\n<h3>Plus que fonctionnel, ph\u00e9nom\u00e9nal<\/h3>\n<p>En plus de leur fonctionnalit\u00e9 \u00e9vidente, nos portemanteaux design sont \u00e9galement des pi\u00e8ces polyvalentes qui peuvent s&#8217;int\u00e9grer dans des espaces vari\u00e9s. Non seulement ils sont id\u00e9aux pour l&#8217;entr\u00e9e de votre maison, mais ils peuvent \u00e9galement ajouter une touche de style et d&#8217;utilit\u00e9 \u00e0 d&#8217;autres endroits, comme la chambre, le dressing ou m\u00eame le bureau.<\/p>\n<p>Imaginez rentrer \u00e0 la maison apr\u00e8s une longue journ\u00e9e et trouver votre entr\u00e9e impeccablement organis\u00e9e, avec tous vos manteaux et accessoires soigneusement suspendus \u00e0 un \u00e9l\u00e9gant porte-manteau Reyes Ord\u00f3\u00f1ez. Non seulement c&#8217;est un plaisir pour les yeux, mais cela vous procure \u00e9galement un sentiment de calme et de tranquillit\u00e9 lorsque vous entrez dans votre sanctuaire personnel.<\/p>\n<p>Avec nos portemanteaux design, vous investissez non seulement dans un accessoire pratique, mais aussi dans une pi\u00e8ce de d\u00e9coration qui rehausse la beaut\u00e9 et le style de votre maison. D\u00e9couvrez l&#8217;\u00e9l\u00e9gance et la fonctionnalit\u00e9 alli\u00e9es dans nos portemanteaux design et transformez l&#8217;entr\u00e9e de votre maison en un espace accueillant et organis\u00e9.[\/vc_column_text][vc_empty_space][\/vc_column][\/vc_row]<\/p>\n<\/section>","protected":false},"excerpt":{"rendered":"<p>[vc_row css_animation=\u00bb\u00bb row_type=\u00bbrow\u00bb use_row_as_full_screen_section=\u00bbno\u00bb type=\u00bbfull_width\u00bb angled_section=\u00bbno\u00bb text_align=\u00bbleft\u00bb background_image_as_pattern=\u00bbwithout_pattern\u00bb css=\u00bb.vc_custom_1715682869081{padding-right: 50px !important;padding-left: 50px !important;}\u00bb z_index=\u00bb\u00bb][vc_column][vc_column_text] Portemanteaux design Reyes Ordo\u00f1ez [\/vc_column_text][vc_empty_space][\/vc_column][\/vc_row][vc_row css_animation=\u00bb\u00bb row_type=\u00bbrow\u00bb use_row_as_full_screen_section=\u00bbno\u00bb type=\u00bbgrid\u00bb angled_section=\u00bbno\u00bb text_align=\u00bbleft\u00bb background_image_as_pattern=\u00bbwithout_pattern\u00bb css=\u00bb.vc_custom_1715682879732{padding-right: 50px !important;padding-left: 50px !important;}\u00bb z_index=\u00bb\u00bb][vc_column width=\u00bb1\/4&#8243;][vc_column_text] Tous nos accessoires [\/vc_column_text][\/vc_column][vc_column width=\u00bb1\/4&#8243;][vc_column_text] Poufs pour la maison [\/vc_column_text][\/vc_column][vc_column width=\u00bb1\/4&#8243;][vc_column_text] Repose-pieds&#8230;<\/p>\n","protected":false},"author":1,"featured_media":0,"parent":18577,"menu_order":0,"comment_status":"open","ping_status":"closed","template":"full_width.php","meta":{"footnotes":""},"class_list":["post-19045","page","type-page","status-publish","hentry"],"yoast_head":"<!-- This site is optimized with the Yoast SEO plugin v27.4 - https:\/\/yoast.com\/product\/yoast-seo-wordpress\/ -->\n<title>Porte-manteaux design en bois \u00e0 Yecla - Reyes Ord\u00f3\u00f1ez<\/title>\n<meta name=\"description\" content=\"Reyes Ord\u00f3\u00f1ez, fabricant de tables auxiliaires \u00e0 Yecla. La fonctionnalit\u00e9 et le style sont combin\u00e9s dans chaque design. Trouvez la table d&#039;appoint parfaite. Contact.\" \/>\n<meta name=\"robots\" content=\"index, follow, max-snippet:-1, max-image-preview:large, max-video-preview:-1\" \/>\n<link rel=\"canonical\" href=\"https:\/\/www.reyesordonez.com\/productos\/complementos\/percheros\/\" \/>\n<meta property=\"og:locale\" content=\"es_ES\" \/>\n<meta property=\"og:type\" content=\"article\" \/>\n<meta property=\"og:title\" content=\"Porte-manteaux design en bois \u00e0 Yecla - Reyes Ord\u00f3\u00f1ez\" \/>\n<meta property=\"og:description\" content=\"Reyes Ord\u00f3\u00f1ez, fabricant de tables auxiliaires \u00e0 Yecla. La fonctionnalit\u00e9 et le style sont combin\u00e9s dans chaque design. Trouvez la table d&#039;appoint parfaite. Contact.\" \/>\n<meta property=\"og:url\" content=\"https:\/\/www.reyesordonez.com\/productos\/complementos\/percheros\/\" \/>\n<meta property=\"og:site_name\" content=\"Reyes Ordo\u00f1ez\" \/>\n<meta property=\"article:publisher\" content=\"https:\/\/www.facebook.com\/reyesordonez.es\/\" \/>\n<meta property=\"article:modified_time\" content=\"2024-06-04T09:34:46+00:00\" \/>\n<meta name=\"twitter:card\" content=\"summary_large_image\" \/>\n<meta name=\"twitter:label1\" content=\"Tiempo de lectura\" \/>\n\t<meta name=\"twitter:data1\" content=\"4 minutos\" \/>\n<script type=\"application\/ld+json\" class=\"yoast-schema-graph\">{\"@context\":\"https:\\\/\\\/schema.org\",\"@graph\":[{\"@type\":\"WebPage\",\"@id\":\"https:\\\/\\\/www.reyesordonez.com\\\/productos\\\/complementos\\\/percheros\\\/\",\"url\":\"https:\\\/\\\/www.reyesordonez.com\\\/productos\\\/complementos\\\/percheros\\\/\",\"name\":\"Porte-manteaux design en bois \u00e0 Yecla - Reyes Ord\u00f3\u00f1ez\",\"isPartOf\":{\"@id\":\"https:\\\/\\\/www.reyesordonez.com\\\/#website\"},\"datePublished\":\"2018-08-09T10:07:42+00:00\",\"dateModified\":\"2024-06-04T09:34:46+00:00\",\"description\":\"Reyes Ord\u00f3\u00f1ez, fabricant de tables auxiliaires \u00e0 Yecla. La fonctionnalit\u00e9 et le style sont combin\u00e9s dans chaque design. Trouvez la table d'appoint parfaite. Contact.\",\"breadcrumb\":{\"@id\":\"https:\\\/\\\/www.reyesordonez.com\\\/productos\\\/complementos\\\/percheros\\\/#breadcrumb\"},\"inLanguage\":\"es\",\"potentialAction\":[{\"@type\":\"ReadAction\",\"target\":[\"https:\\\/\\\/www.reyesordonez.com\\\/productos\\\/complementos\\\/percheros\\\/\"]}]},{\"@type\":\"BreadcrumbList\",\"@id\":\"https:\\\/\\\/www.reyesordonez.com\\\/productos\\\/complementos\\\/percheros\\\/#breadcrumb\",\"itemListElement\":[{\"@type\":\"ListItem\",\"position\":1,\"name\":\"Portada\",\"item\":\"https:\\\/\\\/www.reyesordonez.com\\\/\"},{\"@type\":\"ListItem\",\"position\":2,\"name\":\"Produits\",\"item\":\"https:\\\/\\\/www.reyesordonez.com\\\/productos\\\/\"},{\"@type\":\"ListItem\",\"position\":3,\"name\":\"Accessoires\",\"item\":\"https:\\\/\\\/www.reyesordonez.com\\\/productos\\\/complementos\\\/\"},{\"@type\":\"ListItem\",\"position\":4,\"name\":\"Portemanteaux\"}]},{\"@type\":\"WebSite\",\"@id\":\"https:\\\/\\\/www.reyesordonez.com\\\/#website\",\"url\":\"https:\\\/\\\/www.reyesordonez.com\\\/\",\"name\":\"Reyes Ordo\u00f1ez\",\"description\":\"Fabricante de butacas, sillones relax y sof\u00e1s.\",\"potentialAction\":[{\"@type\":\"SearchAction\",\"target\":{\"@type\":\"EntryPoint\",\"urlTemplate\":\"https:\\\/\\\/www.reyesordonez.com\\\/?s={search_term_string}\"},\"query-input\":{\"@type\":\"PropertyValueSpecification\",\"valueRequired\":true,\"valueName\":\"search_term_string\"}}],\"inLanguage\":\"es\"}]}<\/script>\n<!-- \/ Yoast SEO plugin. -->","yoast_head_json":{"title":"Porte-manteaux design en bois \u00e0 Yecla - Reyes Ord\u00f3\u00f1ez","description":"Reyes Ord\u00f3\u00f1ez, fabricant de tables auxiliaires \u00e0 Yecla. La fonctionnalit\u00e9 et le style sont combin\u00e9s dans chaque design. Trouvez la table d'appoint parfaite. Contact.","robots":{"index":"index","follow":"follow","max-snippet":"max-snippet:-1","max-image-preview":"max-image-preview:large","max-video-preview":"max-video-preview:-1"},"canonical":"https:\/\/www.reyesordonez.com\/productos\/complementos\/percheros\/","og_locale":"es_ES","og_type":"article","og_title":"Porte-manteaux design en bois \u00e0 Yecla - Reyes Ord\u00f3\u00f1ez","og_description":"Reyes Ord\u00f3\u00f1ez, fabricant de tables auxiliaires \u00e0 Yecla. La fonctionnalit\u00e9 et le style sont combin\u00e9s dans chaque design. Trouvez la table d'appoint parfaite. Contact.","og_url":"https:\/\/www.reyesordonez.com\/productos\/complementos\/percheros\/","og_site_name":"Reyes Ordo\u00f1ez","article_publisher":"https:\/\/www.facebook.com\/reyesordonez.es\/","article_modified_time":"2024-06-04T09:34:46+00:00","twitter_card":"summary_large_image","twitter_misc":{"Tiempo de lectura":"4 minutos"},"schema":{"@context":"https:\/\/schema.org","@graph":[{"@type":"WebPage","@id":"https:\/\/www.reyesordonez.com\/productos\/complementos\/percheros\/","url":"https:\/\/www.reyesordonez.com\/productos\/complementos\/percheros\/","name":"Porte-manteaux design en bois \u00e0 Yecla - Reyes Ord\u00f3\u00f1ez","isPartOf":{"@id":"https:\/\/www.reyesordonez.com\/#website"},"datePublished":"2018-08-09T10:07:42+00:00","dateModified":"2024-06-04T09:34:46+00:00","description":"Reyes Ord\u00f3\u00f1ez, fabricant de tables auxiliaires \u00e0 Yecla. La fonctionnalit\u00e9 et le style sont combin\u00e9s dans chaque design. Trouvez la table d'appoint parfaite. Contact.","breadcrumb":{"@id":"https:\/\/www.reyesordonez.com\/productos\/complementos\/percheros\/#breadcrumb"},"inLanguage":"es","potentialAction":[{"@type":"ReadAction","target":["https:\/\/www.reyesordonez.com\/productos\/complementos\/percheros\/"]}]},{"@type":"BreadcrumbList","@id":"https:\/\/www.reyesordonez.com\/productos\/complementos\/percheros\/#breadcrumb","itemListElement":[{"@type":"ListItem","position":1,"name":"Portada","item":"https:\/\/www.reyesordonez.com\/"},{"@type":"ListItem","position":2,"name":"Produits","item":"https:\/\/www.reyesordonez.com\/productos\/"},{"@type":"ListItem","position":3,"name":"Accessoires","item":"https:\/\/www.reyesordonez.com\/productos\/complementos\/"},{"@type":"ListItem","position":4,"name":"Portemanteaux"}]},{"@type":"WebSite","@id":"https:\/\/www.reyesordonez.com\/#website","url":"https:\/\/www.reyesordonez.com\/","name":"Reyes Ordo\u00f1ez","description":"Fabricante de butacas, sillones relax y sof\u00e1s.","potentialAction":[{"@type":"SearchAction","target":{"@type":"EntryPoint","urlTemplate":"https:\/\/www.reyesordonez.com\/?s={search_term_string}"},"query-input":{"@type":"PropertyValueSpecification","valueRequired":true,"valueName":"search_term_string"}}],"inLanguage":"es"}]}},"_links":{"self":[{"href":"https:\/\/www.reyesordonez.com\/wp-json\/wp\/v2\/pages\/19045","targetHints":{"allow":["GET"]}}],"collection":[{"href":"https:\/\/www.reyesordonez.com\/wp-json\/wp\/v2\/pages"}],"about":[{"href":"https:\/\/www.reyesordonez.com\/wp-json\/wp\/v2\/types\/page"}],"author":[{"embeddable":true,"href":"https:\/\/www.reyesordonez.com\/wp-json\/wp\/v2\/users\/1"}],"replies":[{"embeddable":true,"href":"https:\/\/www.reyesordonez.com\/wp-json\/wp\/v2\/comments?post=19045"}],"version-history":[{"count":8,"href":"https:\/\/www.reyesordonez.com\/wp-json\/wp\/v2\/pages\/19045\/revisions"}],"predecessor-version":[{"id":24137,"href":"https:\/\/www.reyesordonez.com\/wp-json\/wp\/v2\/pages\/19045\/revisions\/24137"}],"up":[{"embeddable":true,"href":"https:\/\/www.reyesordonez.com\/wp-json\/wp\/v2\/pages\/18577"}],"wp:attachment":[{"href":"https:\/\/www.reyesordonez.com\/wp-json\/wp\/v2\/media?parent=19045"}],"curies":[{"name":"wp","href":"https:\/\/api.w.org\/{rel}","templated":true}]}}