{"id":18343,"date":"2018-08-02T11:21:08","date_gmt":"2018-08-02T10:21:08","guid":{"rendered":"https:\/\/www.reyesordonez.com\/?page_id=18343"},"modified":"2026-01-30T11:21:16","modified_gmt":"2026-01-30T10:21:16","slug":"produits","status":"publish","type":"page","link":"https:\/\/www.reyesordonez.com\/produits\/","title":{"rendered":"Produits"},"content":{"rendered":"<section class=\"wpb-content-wrapper\"><p>[vc_row css_animation=\u00bb\u00bb row_type=\u00bbrow\u00bb use_row_as_full_screen_section=\u00bbno\u00bb type=\u00bbgrid\u00bb angled_section=\u00bbno\u00bb text_align=\u00bbleft\u00bb background_image_as_pattern=\u00bbwithout_pattern\u00bb background_color=\u00bb#ffffff\u00bb padding_top=\u00bb87&#8243; padding_bottom=\u00bb78&#8243; el_class=\u00bbcustom_color\u00bb css=\u00bb.vc_custom_1715678705056{padding-right: 30px !important;padding-left: 30px !important;}\u00bb z_index=\u00bb\u00bb][vc_column][vc_column_text]<\/p>\n<p style=\"text-align: center; font-size: 22px;\">Tombez amoureux de nos produits<\/p>\n<p>[\/vc_column_text][vc_separator type=\u00bbsmall\u00bb position=\u00bbcenter\u00bb up=\u00bb7&#8243; down=\u00bb38&#8243;][vc_empty_space][vc_column_text]<\/p>\n<h1 style=\"text-align: center;\">Fabricants de meubles espagnols\u00a0: catalogue de produits Reyes Ord\u00f3\u00f1ez<\/h1>\n<p>[\/vc_column_text][vc_empty_space][vc_column_text css=\u00bb.vc_custom_1713861488140{margin-right: 20px !important;margin-left: 20px !important;}\u00bb]<\/p>\n<p style=\"text-align: center;\"><span style=\"color: #000000; font-size: 15px;\">Nous adorons le design ! Mais notre objectif n&#8217;est pas de concevoir des chaises, des fauteuils ou de beaux canap\u00e9s relaxants, notre objectif principal lors de la cr\u00e9ation de produits est qu&#8217;ils soient ce dont VOUS avez besoin. Nous essayons toujours de maintenir l\u2019\u00e9quilibre entre design et fonctionnalit\u00e9. Les lignes minimalistes cohabitent avec les concepts de chaleur, de qualit\u00e9 et de go\u00fbt du d\u00e9tail. L&#8217;industrie et l&#8217;artisanat se rencontrent dans nos produits. \u00c9tant fabriqu\u00e9s \u00e0 la main, nous pouvons personnaliser tous nos produits afin qu&#8217;ils soient parfaits pour vous.<\/span><\/p>\n<p>[\/vc_column_text][vc_empty_space][vc_column_text css=\u00bb.vc_custom_1713861536699{margin-right: 20px !important;margin-left: 20px !important;}\u00bb]<\/p>\n<p style=\"text-align: center;\"><span style=\"color: #000000; font-size: 15px;\">Notre objectif n&#8217;est pas seulement de concevoir de magnifiques fauteuils, fauteuils ou canap\u00e9s relax. Notre objectif principal lors de la fabrication de meubles en Espagne est que ce soit ce dont vous avez besoin et comment vous en avez besoin. Nous essayons toujours de maintenir l\u2019\u00e9quilibre entre design et fonctionnalit\u00e9. Les lignes minimalistes cohabitent avec les concepts de chaleur, de qualit\u00e9 et de go\u00fbt du d\u00e9tail. L&#8217;industrie et l&#8217;artisanat se rencontrent dans nos produits. Comme ils sont fabriqu\u00e9s \u00e0 la main, nous pouvons personnaliser jusqu&#8217;aux moindres d\u00e9tails afin qu&#8217;ils soient parfaits pour vos besoins et vos go\u00fbts.<\/span><\/p>\n<p>[\/vc_column_text][\/vc_column][\/vc_row][vc_row css_animation=\u00bb\u00bb row_type=\u00bbrow\u00bb use_row_as_full_screen_section=\u00bbno\u00bb type=\u00bbfull_width\u00bb angled_section=\u00bbno\u00bb text_align=\u00bbleft\u00bb background_image_as_pattern=\u00bbwithout_pattern\u00bb background_color=\u00bb#ffffff\u00bb padding_bottom=\u00bb14&#8243; css=\u00bb.vc_custom_1722339600236{padding-right: 2% !important;padding-left: 2% !important;}\u00bb z_index=\u00bb\u00bb][vc_column][vc_row_inner row_type=\u00bbrow\u00bb type=\u00bbfull_width\u00bb text_align=\u00bbleft\u00bb css_animation=\u00bb\u00bb][vc_column_inner width=\u00bb1\/5&#8243;]<div class=\"q_image_with_text_over\"><div class=\"shader\" ><\/div><img decoding=\"async\" itemprop=\"image\" src=\"https:\/\/www.reyesordonez.com\/wp-content\/uploads\/2024\/07\/categoria-sofas-2_rec.jpg\" alt=\"CANAP\u00c9S\" \/><div class=\"text\"><table><tr><td><h2 class=\"caption no_icon\" style=\"\">CANAP\u00c9S<\/h2><\/td><\/tr><\/table><table><tr><td><div class=\"desc\">[vc_separator type=&#8217;transparent&#8217; position=&#8217;center&#8217; color=\u00bb thickness=\u00bb up=&#8217;10&#8217; down=&#8217;10&#8217;]<\/p>\n<p><a  itemprop=\"url\" href=\"https:\/\/www.reyesordonez.com\/fr\/produits\/canapes\/\" target=\"_self\" data-hover-border-color='#1abc9c'  class=\"qbutton  default\" style=\"color: #ffffff; border-color: #ffffff; \">Regarder<\/a><\/div><\/td><\/tr><\/table><\/div><\/div>[vc_empty_space height=\u00bb15px\u00bb][vc_column_text css=\u00bb.vc_custom_1713951325586{margin-right: 20px !important;margin-left: 20px !important;}\u00bb]<\/p>\n<p style=\"text-align: center;\"><span style=\"color: #000000; font-size: 14px;\">Chez Reyes Ordo\u00f1ez, nous nous consacrons \u00e0 la fabrication de canap\u00e9s conventionnels, ainsi que de canap\u00e9s motoris\u00e9s, de canap\u00e9s-lits et de canap\u00e9s coulissants, tous avec possibilit\u00e9 de personnalisation selon les pr\u00e9f\u00e9rences de chaque client.<\/span><\/p>\n<p>[\/vc_column_text][vc_separator type=\u00bbtransparent\u00bb up=\u00bb50&#8243; down=\u00bb2&#8243;][\/vc_column_inner][vc_column_inner width=\u00bb1\/5&#8243;]<div class=\"q_image_with_text_over\"><div class=\"shader\" ><\/div><img decoding=\"async\" itemprop=\"image\" src=\"https:\/\/www.reyesordonez.com\/wp-content\/uploads\/2024\/07\/categoria-butacas_rec.jpg\" alt=\"FAUTEUILS\" \/><div class=\"text\"><table><tr><td><h2 class=\"caption no_icon\" style=\"\">FAUTEUILS<\/h2><\/td><\/tr><\/table><table><tr><td><div class=\"desc\"><a  itemprop=\"url\" href=\"https:\/\/www.reyesordonez.com\/fr\/produits\/relax-fauteuils\/\" target=\"_self\" data-hover-border-color='#1abc9c'  class=\"qbutton  default\" style=\"color: #ffffff; border-color: #ffffff; \">Regarder<\/a><\/div><\/td><\/tr><\/table><\/div><\/div>[vc_empty_space height=\u00bb15px\u00bb][vc_column_text css=\u00bb.vc_custom_1713951350469{margin-right: 20px !important;margin-left: 20px !important;}\u00bb]<\/p>\n<p style=\"text-align: center;\"><span style=\"color: #000000; font-size: 14px;\">Notre entreprise est sp\u00e9cialis\u00e9e dans la cr\u00e9ation de si\u00e8ges aussi bien pour adultes que pour enfants, en s&#8217;adaptant aux besoins sp\u00e9cifiques de chacun pour garantir son confort et sa satisfaction.<\/span><\/p>\n<p>[\/vc_column_text][vc_separator type=\u00bbtransparent\u00bb up=\u00bb51&#8243; down=\u00bb21&#8243;][\/vc_column_inner][vc_column_inner width=\u00bb1\/5&#8243;]<div class=\"q_image_with_text_over\"><div class=\"shader\" ><\/div><img decoding=\"async\" itemprop=\"image\" src=\"https:\/\/www.reyesordonez.com\/wp-content\/uploads\/2024\/07\/categoria-relax-2_rec.jpg\" alt=\"FAUTEUILS RELAX\" \/><div class=\"text\"><table><tr><td><h2 class=\"caption no_icon\" style=\"\">FAUTEUILS RELAX<\/h2><\/td><\/tr><\/table><table><tr><td><div class=\"desc\"><a  itemprop=\"url\" href=\"https:\/\/www.reyesordonez.com\/fr\/produits\/relax-fauteuils\/\" target=\"_self\" data-hover-border-color='#1abc9c'  class=\"qbutton  default\" style=\"color: #ffffff; border-color: #ffffff; \">Regarder<\/a><\/div><\/td><\/tr><\/table><\/div><\/div>[vc_empty_space height=\u00bb15px\u00bb][vc_column_text css=\u00bb.vc_custom_1713952149374{margin-right: 20px !important;margin-left: 20px !important;}\u00bb]<\/p>\n<p style=\"text-align: center;\"><span style=\"color: #000000; font-size: 14px;\">Nous proposons une large s\u00e9lection de chaises longues de haute qualit\u00e9, disponibles en mod\u00e8les avec pieds hauts ou bas, con\u00e7ues pour offrir un maximum de confort et de style dans n&#8217;importe quel espace.<\/span><\/p>\n<p>[\/vc_column_text][vc_separator type=\u00bbtransparent\u00bb up=\u00bb50&#8243; down=\u00bb2&#8243;][\/vc_column_inner][vc_column_inner width=\u00bb1\/5&#8243;]<div class=\"q_image_with_text_over\"><div class=\"shader\" ><\/div><img decoding=\"async\" itemprop=\"image\" src=\"https:\/\/www.reyesordonez.com\/wp-content\/uploads\/2024\/07\/categoria-Exterior_rec.jpg\" alt=\"D&#039;EXT\u00c9RIEUR\" \/><div class=\"text\"><table><tr><td><h2 class=\"caption no_icon\" style=\"\">D&#039;EXT\u00c9RIEUR<\/h2><\/td><\/tr><\/table><table><tr><td><div class=\"desc\"><a  itemprop=\"url\" href=\"https:\/\/www.reyesordonez.com\/fr\/produits\/dexterieur\/\" target=\"_self\" data-hover-border-color='#1abc9c'  class=\"qbutton  default\" style=\"color: #ffffff; border-color: #ffffff; \">Regarder<\/a><\/div><\/td><\/tr><\/table><\/div><\/div>[vc_empty_space height=\u00bb15px\u00bb][vc_column_text css=\u00bb.vc_custom_1722339693863{margin-right: 20px !important;margin-left: 20px !important;}\u00bb]<\/p>\n<p style=\"text-align: center;\"><span style=\"color: #000000; font-size: 14px;\">At Reyes Ordo\u00f1ez, we manufacture a wide variety of outdoor furniture. Armchairs, sofas and accessories to enjoy in your outdoor spaces with a wide variety of styles and finishes.<\/span><\/p>\n<p>[\/vc_column_text][vc_separator type=\u00bbtransparent\u00bb up=\u00bb51&#8243; down=\u00bb21&#8243;][\/vc_column_inner][vc_column_inner width=\u00bb1\/5&#8243;]<div class=\"q_image_with_text_over\"><div class=\"shader\" ><\/div><img decoding=\"async\" itemprop=\"image\" src=\"https:\/\/www.reyesordonez.com\/wp-content\/uploads\/2024\/07\/categoria-accesorios_rec.jpg\" alt=\"ACCESSORIES\" \/><div class=\"text\"><table><tr><td><h2 class=\"caption no_icon\" style=\"\">ACCESSORIES<\/h2><\/td><\/tr><\/table><table><tr><td><div class=\"desc\"><a  itemprop=\"url\" href=\"https:\/\/www.reyesordonez.com\/fr\/produits\/accessoires\/\" target=\"_self\" data-hover-border-color='#1abc9c'  class=\"qbutton  default\" style=\"color: #ffffff; border-color: #ffffff; \">Regarder<\/a><\/div><\/td><\/tr><\/table><\/div><\/div>[vc_empty_space height=\u00bb15px\u00bb][vc_column_text css=\u00bb.vc_custom_1760091988200{margin-right: 20px !important;margin-left: 20px !important;}\u00bb]<\/p>\n<p style=\"text-align: center;\"><span style=\"color: #000000; font-size: 14px;\">En plus de nos principaux produits, nous concevons \u00e9galement une vari\u00e9t\u00e9 d&#8217;accessoires pour la maison, notamment des poufs, des repose-pieds, des coussins, des tables d&#8217;appoint, des lampes, des porte-manteaux et des miroirs, pour compl\u00e9ter votre d\u00e9coration avec style. Nous disposons \u00e9galement d&#8217;une gamme d&#8217;accessoires pour animaux de compagnie pour r\u00e9pondre \u00e0 tous les besoins de votre maison.<\/span><\/p>\n<p>[\/vc_column_text][vc_separator type=\u00bbtransparent\u00bb up=\u00bb51&#8243; down=\u00bb21&#8243;][\/vc_column_inner][\/vc_row_inner][\/vc_column][\/vc_row][vc_row css_animation=\u00bb\u00bb row_type=\u00bbrow\u00bb use_row_as_full_screen_section=\u00bbno\u00bb type=\u00bbgrid\u00bb angled_section=\u00bbno\u00bb text_align=\u00bbleft\u00bb background_image_as_pattern=\u00bbwithout_pattern\u00bb background_color=\u00bb#ffffff\u00bb padding_bottom=\u00bb14&#8243;][vc_column][vc_empty_space][vc_column_text]<\/p>\n<h2 style=\"text-align: center;\"><span style=\"color: #000000;\"><strong>Passionn\u00e9 de design de mobilier<\/strong><\/span><\/h2>\n<p>Chez Reyes Ord\u00f3\u00f1ez, nous nous consacrons avec passion \u00e0 la fabrication de meubles de qualit\u00e9 \u00e0 Yecla, et notre engagement va au-del\u00e0 de la simple cr\u00e9ation de belles pi\u00e8ces. Nous nous effor\u00e7ons de concevoir et de produire des canap\u00e9s, des chaises longues, des fauteuils et des accessoires pour la maison qui s&#8217;adaptent parfaitement \u00e0 vos besoins et \u00e0 votre style de vie, offrant une combinaison impeccable de design et de fonctionnalit\u00e9.<\/p>\n<p>Lorsque vous choisissez un meuble de Reyes Ord\u00f3\u00f1ez, vous n&#8217;achetez pas seulement un meuble, vous investissez dans une exp\u00e9rience. Notre objectif est de cr\u00e9er des pi\u00e8ces qui sont non seulement visuellement \u00e9poustouflantes, mais aussi pratiques et confortables. Nous nous effor\u00e7ons de maintenir un \u00e9quilibre parfait entre design contemporain et fonctionnalit\u00e9, afin que vous puissiez profiter de meubles qui non seulement embellissent votre maison, mais am\u00e9liorent \u00e9galement votre qualit\u00e9 de vie.<\/p>\n<p>Notre philosophie est bas\u00e9e sur l&#8217;id\u00e9e que chaque meuble doit \u00eatre unique et s&#8217;adapter aux besoins individuels de chaque client. C&#8217;est pourquoi nous nous effor\u00e7ons d&#8217;offrir une grande vari\u00e9t\u00e9 de styles, de tailles et d&#8217;options de personnalisation dans notre collection de produits. Que vous recherchiez un canap\u00e9 classique et \u00e9l\u00e9gant pour votre salon, un fauteuil relax ergonomique pour votre espace de repos, un fauteuil \u00e9l\u00e9gant et confortable pour votre coin lecture ou des accessoires pour la maison qui ajoutent une touche de style \u00e0 votre d\u00e9coration, nous avons le parfait. option pour vous.<\/p>\n<p>&nbsp;<\/p>\n<h2 style=\"text-align: center;\"><span style=\"color: #000000;\"><strong>Technologie et savoir-faire, les piliers de Reyes Ordo\u00f1ez<\/strong><\/span><\/h2>\n<p>Nos meubles sont le r\u00e9sultat de la combinaison parfaite entre l&#8217;industrie et l&#8217;artisanat. Nous utilisons une technologie de pointe dans nos processus de fabrication, mais nous valorisons et pr\u00e9servons \u00e9galement les techniques artisanales traditionnelles. Chaque pi\u00e8ce est soigneusement fabriqu\u00e9e par des artisans experts qui pr\u00eatent attention \u00e0 chaque d\u00e9tail, garantissant une qualit\u00e9 et une durabilit\u00e9 maximales.<\/p>\n<p>Chez Reyes Ord\u00f3\u00f1ez, nous sommes fiers de notre capacit\u00e9 \u00e0 personnaliser nos meubles jusque dans les moindres d\u00e9tails. Que vous souhaitiez ajuster les dimensions d&#8217;un canap\u00e9 pour l&#8217;adapter parfaitement \u00e0 votre espace, choisir le rev\u00eatement parfait pour correspondre \u00e0 votre d\u00e9cor ou ajouter des fonctionnalit\u00e9s suppl\u00e9mentaires pour am\u00e9liorer la fonctionnalit\u00e9, nous sommes l\u00e0 pour r\u00e9aliser vos r\u00eaves de design.<\/p>\n<p>De plus, nous nous engageons \u00e0 n&#8217;utiliser que les meilleurs mat\u00e9riaux dans la fabrication de nos meubles. Des bois massifs et robustes aux tissus et cuirs de haute qualit\u00e9, chaque mat\u00e9riau est soigneusement s\u00e9lectionn\u00e9 pour garantir la beaut\u00e9, la durabilit\u00e9 et la fonctionnalit\u00e9 de nos meubles.<\/p>\n<p>En choisissant Reyes Ord\u00f3\u00f1ez, vous choisissez des meubles qui sont plus que de simples meubles. Vous faites le choix de la qualit\u00e9, du confort, du style et d&#8217;une exp\u00e9rience de magasinage exceptionnelle. D\u00e9couvrez notre collection de canap\u00e9s, fauteuils relaxants, fauteuils et accessoires pour la maison, et laissez-nous vous aider \u00e0 transformer votre maison en un espace qui refl\u00e8te votre style et votre personnalit\u00e9 unique.[\/vc_column_text][vc_empty_space][\/vc_column][\/vc_row][vc_row css_animation=\u00bb\u00bb row_type=\u00bbrow\u00bb use_row_as_full_screen_section=\u00bbno\u00bb type=\u00bbfull_width\u00bb angled_section=\u00bbno\u00bb text_align=\u00bbleft\u00bb background_image_as_pattern=\u00bbwithout_pattern\u00bb][vc_column][\/vc_column][\/vc_row]<\/p>\n<\/section>","protected":false},"excerpt":{"rendered":"<p>[vc_row css_animation=\u00bb\u00bb row_type=\u00bbrow\u00bb use_row_as_full_screen_section=\u00bbno\u00bb type=\u00bbgrid\u00bb angled_section=\u00bbno\u00bb text_align=\u00bbleft\u00bb background_image_as_pattern=\u00bbwithout_pattern\u00bb background_color=\u00bb#ffffff\u00bb padding_top=\u00bb87&#8243; padding_bottom=\u00bb78&#8243; el_class=\u00bbcustom_color\u00bb css=\u00bb.vc_custom_1715678705056{padding-right: 30px !important;padding-left: 30px !important;}\u00bb z_index=\u00bb\u00bb][vc_column][vc_column_text] Tombez amoureux de nos produits [\/vc_column_text][vc_separator type=\u00bbsmall\u00bb position=\u00bbcenter\u00bb up=\u00bb7&#8243; down=\u00bb38&#8243;][vc_empty_space][vc_column_text] Fabricants de meubles espagnols\u00a0: catalogue de produits Reyes Ord\u00f3\u00f1ez [\/vc_column_text][vc_empty_space][vc_column_text css=\u00bb.vc_custom_1713861488140{margin-right: 20px !important;margin-left: 20px !important;}\u00bb] Nous adorons&#8230;<\/p>\n","protected":false},"author":1,"featured_media":0,"parent":0,"menu_order":0,"comment_status":"open","ping_status":"closed","template":"full_width.php","meta":{"footnotes":""},"class_list":["post-18343","page","type-page","status-publish","hentry"],"yoast_head":"<!-- This site is optimized with the Yoast SEO plugin v27.4 - https:\/\/yoast.com\/product\/yoast-seo-wordpress\/ -->\n<title>Fabricants de meubles espagnols\u00a0: catalogue de produits Reyes Ord\u00f3\u00f1ez<\/title>\n<meta name=\"description\" content=\"Explorez notre catalogue de produits fabriqu\u00e9s en Espagne par Reyes Ord\u00f3\u00f1ez. Canap\u00e9s, fauteuils relaxants, fauteuils, accessoires et m\u00eame lits pour animaux de compagnie.\" \/>\n<meta name=\"robots\" content=\"index, follow, max-snippet:-1, max-image-preview:large, max-video-preview:-1\" \/>\n<link rel=\"canonical\" href=\"https:\/\/www.reyesordonez.com\/productos\/\" \/>\n<meta property=\"og:locale\" content=\"es_ES\" \/>\n<meta property=\"og:type\" content=\"article\" \/>\n<meta property=\"og:title\" content=\"Fabricants de meubles espagnols\u00a0: catalogue de produits Reyes Ord\u00f3\u00f1ez\" \/>\n<meta property=\"og:description\" content=\"Explorez notre catalogue de produits fabriqu\u00e9s en Espagne par Reyes Ord\u00f3\u00f1ez. Canap\u00e9s, fauteuils relaxants, fauteuils, accessoires et m\u00eame lits pour animaux de compagnie.\" \/>\n<meta property=\"og:url\" content=\"https:\/\/www.reyesordonez.com\/productos\/\" \/>\n<meta property=\"og:site_name\" content=\"Reyes Ordo\u00f1ez\" \/>\n<meta property=\"article:publisher\" content=\"https:\/\/www.facebook.com\/reyesordonez.es\/\" \/>\n<meta property=\"article:modified_time\" content=\"2026-01-30T10:21:16+00:00\" \/>\n<meta name=\"twitter:card\" content=\"summary_large_image\" \/>\n<meta name=\"twitter:label1\" content=\"Tiempo de lectura\" \/>\n\t<meta name=\"twitter:data1\" content=\"2 minutos\" \/>\n<script type=\"application\/ld+json\" class=\"yoast-schema-graph\">{\"@context\":\"https:\\\/\\\/schema.org\",\"@graph\":[{\"@type\":\"WebPage\",\"@id\":\"https:\\\/\\\/www.reyesordonez.com\\\/productos\\\/\",\"url\":\"https:\\\/\\\/www.reyesordonez.com\\\/productos\\\/\",\"name\":\"Fabricants de meubles espagnols\u00a0: catalogue de produits Reyes Ord\u00f3\u00f1ez\",\"isPartOf\":{\"@id\":\"https:\\\/\\\/www.reyesordonez.com\\\/#website\"},\"datePublished\":\"2018-08-02T10:21:08+00:00\",\"dateModified\":\"2026-01-30T10:21:16+00:00\",\"description\":\"Explorez notre catalogue de produits fabriqu\u00e9s en Espagne par Reyes Ord\u00f3\u00f1ez. Canap\u00e9s, fauteuils relaxants, fauteuils, accessoires et m\u00eame lits pour animaux de compagnie.\",\"breadcrumb\":{\"@id\":\"https:\\\/\\\/www.reyesordonez.com\\\/productos\\\/#breadcrumb\"},\"inLanguage\":\"es\",\"potentialAction\":[{\"@type\":\"ReadAction\",\"target\":[\"https:\\\/\\\/www.reyesordonez.com\\\/productos\\\/\"]}]},{\"@type\":\"BreadcrumbList\",\"@id\":\"https:\\\/\\\/www.reyesordonez.com\\\/productos\\\/#breadcrumb\",\"itemListElement\":[{\"@type\":\"ListItem\",\"position\":1,\"name\":\"Portada\",\"item\":\"https:\\\/\\\/www.reyesordonez.com\\\/\"},{\"@type\":\"ListItem\",\"position\":2,\"name\":\"Produits\"}]},{\"@type\":\"WebSite\",\"@id\":\"https:\\\/\\\/www.reyesordonez.com\\\/#website\",\"url\":\"https:\\\/\\\/www.reyesordonez.com\\\/\",\"name\":\"Reyes Ordo\u00f1ez\",\"description\":\"Fabricante de butacas, sillones relax y sof\u00e1s.\",\"potentialAction\":[{\"@type\":\"SearchAction\",\"target\":{\"@type\":\"EntryPoint\",\"urlTemplate\":\"https:\\\/\\\/www.reyesordonez.com\\\/?s={search_term_string}\"},\"query-input\":{\"@type\":\"PropertyValueSpecification\",\"valueRequired\":true,\"valueName\":\"search_term_string\"}}],\"inLanguage\":\"es\"}]}<\/script>\n<!-- \/ Yoast SEO plugin. -->","yoast_head_json":{"title":"Fabricants de meubles espagnols\u00a0: catalogue de produits Reyes Ord\u00f3\u00f1ez","description":"Explorez notre catalogue de produits fabriqu\u00e9s en Espagne par Reyes Ord\u00f3\u00f1ez. Canap\u00e9s, fauteuils relaxants, fauteuils, accessoires et m\u00eame lits pour animaux de compagnie.","robots":{"index":"index","follow":"follow","max-snippet":"max-snippet:-1","max-image-preview":"max-image-preview:large","max-video-preview":"max-video-preview:-1"},"canonical":"https:\/\/www.reyesordonez.com\/productos\/","og_locale":"es_ES","og_type":"article","og_title":"Fabricants de meubles espagnols\u00a0: catalogue de produits Reyes Ord\u00f3\u00f1ez","og_description":"Explorez notre catalogue de produits fabriqu\u00e9s en Espagne par Reyes Ord\u00f3\u00f1ez. Canap\u00e9s, fauteuils relaxants, fauteuils, accessoires et m\u00eame lits pour animaux de compagnie.","og_url":"https:\/\/www.reyesordonez.com\/productos\/","og_site_name":"Reyes Ordo\u00f1ez","article_publisher":"https:\/\/www.facebook.com\/reyesordonez.es\/","article_modified_time":"2026-01-30T10:21:16+00:00","twitter_card":"summary_large_image","twitter_misc":{"Tiempo de lectura":"2 minutos"},"schema":{"@context":"https:\/\/schema.org","@graph":[{"@type":"WebPage","@id":"https:\/\/www.reyesordonez.com\/productos\/","url":"https:\/\/www.reyesordonez.com\/productos\/","name":"Fabricants de meubles espagnols\u00a0: catalogue de produits Reyes Ord\u00f3\u00f1ez","isPartOf":{"@id":"https:\/\/www.reyesordonez.com\/#website"},"datePublished":"2018-08-02T10:21:08+00:00","dateModified":"2026-01-30T10:21:16+00:00","description":"Explorez notre catalogue de produits fabriqu\u00e9s en Espagne par Reyes Ord\u00f3\u00f1ez. Canap\u00e9s, fauteuils relaxants, fauteuils, accessoires et m\u00eame lits pour animaux de compagnie.","breadcrumb":{"@id":"https:\/\/www.reyesordonez.com\/productos\/#breadcrumb"},"inLanguage":"es","potentialAction":[{"@type":"ReadAction","target":["https:\/\/www.reyesordonez.com\/productos\/"]}]},{"@type":"BreadcrumbList","@id":"https:\/\/www.reyesordonez.com\/productos\/#breadcrumb","itemListElement":[{"@type":"ListItem","position":1,"name":"Portada","item":"https:\/\/www.reyesordonez.com\/"},{"@type":"ListItem","position":2,"name":"Produits"}]},{"@type":"WebSite","@id":"https:\/\/www.reyesordonez.com\/#website","url":"https:\/\/www.reyesordonez.com\/","name":"Reyes Ordo\u00f1ez","description":"Fabricante de butacas, sillones relax y sof\u00e1s.","potentialAction":[{"@type":"SearchAction","target":{"@type":"EntryPoint","urlTemplate":"https:\/\/www.reyesordonez.com\/?s={search_term_string}"},"query-input":{"@type":"PropertyValueSpecification","valueRequired":true,"valueName":"search_term_string"}}],"inLanguage":"es"}]}},"_links":{"self":[{"href":"https:\/\/www.reyesordonez.com\/wp-json\/wp\/v2\/pages\/18343","targetHints":{"allow":["GET"]}}],"collection":[{"href":"https:\/\/www.reyesordonez.com\/wp-json\/wp\/v2\/pages"}],"about":[{"href":"https:\/\/www.reyesordonez.com\/wp-json\/wp\/v2\/types\/page"}],"author":[{"embeddable":true,"href":"https:\/\/www.reyesordonez.com\/wp-json\/wp\/v2\/users\/1"}],"replies":[{"embeddable":true,"href":"https:\/\/www.reyesordonez.com\/wp-json\/wp\/v2\/comments?post=18343"}],"version-history":[{"count":15,"href":"https:\/\/www.reyesordonez.com\/wp-json\/wp\/v2\/pages\/18343\/revisions"}],"predecessor-version":[{"id":27414,"href":"https:\/\/www.reyesordonez.com\/wp-json\/wp\/v2\/pages\/18343\/revisions\/27414"}],"wp:attachment":[{"href":"https:\/\/www.reyesordonez.com\/wp-json\/wp\/v2\/media?parent=18343"}],"curies":[{"name":"wp","href":"https:\/\/api.w.org\/{rel}","templated":true}]}}